{"id":11,"date":"2010-09-16T17:29:23","date_gmt":"2010-09-16T15:29:23","guid":{"rendered":"http:\/\/www.stiftung-gekko.de\/wp\/?page_id=11"},"modified":"2024-12-18T00:24:58","modified_gmt":"2024-12-17T22:24:58","slug":"beirat","status":"publish","type":"page","link":"https:\/\/www.stiftung-gekko.de\/wp\/stiftung\/beirat\/","title":{"rendered":"Vorstand"},"content":{"rendered":"\n<p>Mit dem Tod der Stifterin und langj\u00e4hrigen Vorst\u00e4ndin Susann Haltermann im Dezember 2024 \u00fcbernahm der seit 2009 als Beirat f\u00fcr die Stiftung GEKKO t\u00e4tige Dr. Manuel Schneider den Vorstand der Stiftung. <\/p>\n\n\n\n<h4 class=\"wp-block-heading\">Dr. Manuel Schneider<\/h4>\n\n\n<div class=\"wp-block-image\">\n<figure class=\"alignleft size-full is-resized\"><img loading=\"lazy\" decoding=\"async\" width=\"268\" height=\"392\" src=\"https:\/\/www.stiftung-gekko.de\/wp\/wp-content\/uploads\/2024\/05\/MS-2022-nah.png\" alt=\"\" class=\"wp-image-4750\" style=\"width:204px;height:auto\" srcset=\"https:\/\/www.stiftung-gekko.de\/wp\/wp-content\/uploads\/2024\/05\/MS-2022-nah.png 268w, https:\/\/www.stiftung-gekko.de\/wp\/wp-content\/uploads\/2024\/05\/MS-2022-nah-205x300.png 205w, https:\/\/www.stiftung-gekko.de\/wp\/wp-content\/uploads\/2024\/05\/MS-2022-nah-103x150.png 103w\" sizes=\"(max-width: 268px) 100vw, 268px\" \/><figcaption class=\"wp-element-caption\">Dr. Manuel Schneider<\/figcaption><\/figure><\/div>\n\n\n<p>Geboren 1959 in K\u00f6ln. Nach dem Studium der Geologie, Geschichte und Philosophie an den Universit\u00e4ten Bonn, K\u00f6ln und M\u00fcnchen Promotion in Philosophie. Von 1989 bis 2001 wissenschaftlicher Mitarbeiter und Gesch\u00e4ftsf\u00fchrer der Schweisfurth-Stiftung in M\u00fcnchen. Seit 2002 Leitung des Projektb\u00fcros !<em>make sense<\/em>! mit Sitz in M\u00fcnchen, dessen Aufgabe die Beratung und Projektentwicklung f\u00fcr Stiftungen und andere gemeinn\u00fctzige Organisationen ist. <\/p>\n\n\n\n<p>Er ist au\u00dferdem Gesch\u00e4ftsf\u00fchrer der Selbach-Umwelt-Stiftung und des oekom e.V., Koordinator des \u201eM\u00fcnchner Forum Nachhaltigkeit\u201c, Redaktionsleiter des &#8222;Kritischen Agrarberichts&#8220; sowie pro bono als Vorsitzender des Stiftungsrats der Stiftung \u00d6kologie &amp; Landbau (S\u00d6L), Mitglied im Vorstand der Gen-ethischen Stiftung (GeS) sowie \u2013 bis 2023 \u2013 im Stiftungsrat der grassroots foundation t\u00e4tig.<\/p>\n","protected":false},"excerpt":{"rendered":"<p>Mit dem Tod der Stifterin und langj\u00e4hrigen Vorst\u00e4ndin Susann Haltermann im Dezember 2024 \u00fcbernahm der seit 2009 als Beirat f\u00fcr die Stiftung GEKKO t\u00e4tige Dr. Manuel Schneider den Vorstand der Stiftung. Dr. Manuel Schneider Geboren 1959 in K\u00f6ln. Nach dem Studium der Geologie, Geschichte und Philosophie an den Universit\u00e4ten Bonn, K\u00f6ln und M\u00fcnchen Promotion in [&hellip;]<\/p>\n","protected":false},"author":1,"featured_media":0,"parent":5,"menu_order":0,"comment_status":"open","ping_status":"open","template":"","meta":{"footnotes":""},"_links":{"self":[{"href":"https:\/\/www.stiftung-gekko.de\/wp\/wp-json\/wp\/v2\/pages\/11"}],"collection":[{"href":"https:\/\/www.stiftung-gekko.de\/wp\/wp-json\/wp\/v2\/pages"}],"about":[{"href":"https:\/\/www.stiftung-gekko.de\/wp\/wp-json\/wp\/v2\/types\/page"}],"author":[{"embeddable":true,"href":"https:\/\/www.stiftung-gekko.de\/wp\/wp-json\/wp\/v2\/users\/1"}],"replies":[{"embeddable":true,"href":"https:\/\/www.stiftung-gekko.de\/wp\/wp-json\/wp\/v2\/comments?post=11"}],"version-history":[{"count":19,"href":"https:\/\/www.stiftung-gekko.de\/wp\/wp-json\/wp\/v2\/pages\/11\/revisions"}],"predecessor-version":[{"id":4778,"href":"https:\/\/www.stiftung-gekko.de\/wp\/wp-json\/wp\/v2\/pages\/11\/revisions\/4778"}],"up":[{"embeddable":true,"href":"https:\/\/www.stiftung-gekko.de\/wp\/wp-json\/wp\/v2\/pages\/5"}],"wp:attachment":[{"href":"https:\/\/www.stiftung-gekko.de\/wp\/wp-json\/wp\/v2\/media?parent=11"}],"curies":[{"name":"wp","href":"https:\/\/api.w.org\/{rel}","templated":true}]}}