{"id":46,"date":"2010-09-16T17:46:06","date_gmt":"2010-09-16T15:46:06","guid":{"rendered":"http:\/\/www.stiftung-gekko.de\/wp\/?page_id=46"},"modified":"2021-11-04T14:06:06","modified_gmt":"2021-11-04T12:06:06","slug":"leseraum-2","status":"publish","type":"page","link":"https:\/\/www.stiftung-gekko.de\/wp\/leseraum-2\/","title":{"rendered":"Leseraum"},"content":{"rendered":"<p>Im Leseraum finden Sie Berichte, Studien, Positions- und Hintergrundpapiere sowie Flyer, die in der Regel von den gef\u00f6rderten Projekten erstellt wurden. Er bietet die M\u00f6glichkeit, sich mit einzelnen Aspekten und Themen der Projektarbeit tiefer zu besch\u00e4ftigen.<\/p>\n<h2>Aus der Projektarbeit<\/h2>\n<h4><strong>Neue Gentechnik (Gene-Editing)<\/strong><\/h4>\n<ul>\n<li><a href=\"https:\/\/www.stiftung-gekko.de\/wp\/wp-content\/uploads\/2020\/08\/KAB2020_305_310_Imken_Haerlin.pdf\">Mareike Imken &amp; Benny Haerlin: Gene Drives. Die neue Gentechnik zum Umbau der Evolution. Konstanz\/Hamm 2020.<\/a><\/li>\n<li><a href=\"https:\/\/www.stiftung-gekko.de\/wp\/wp-content\/uploads\/2020\/08\/KAB2019_298_304_Hundsdorfer.pdf\">Stefanie Hundsdorfer: Pr\u00e4zise, sicher und unentbehrlich? Argumente von Bef\u00fcrwortern der neuen Gentechnikverfahren auf dem Pr\u00fcfstand. Konstanz\/Hamm 2019.<\/a><\/li>\n<li><a href=\"https:\/\/www.stiftung-gekko.de\/wp\/wp-content\/uploads\/2020\/08\/KAB2019_290_297_Kawall.pdf\">KaharinaKawall: Die neuen Gentechnikverfahren. Eine Bewertung aus naturwissenschaftlicher Sicht. Konstanz\/Hamm 2019.<\/a><\/li>\n<li><a href=\"https:\/\/www.stiftung-gekko.de\/wp\/wp-content\/uploads\/2020\/08\/Am_I_Regulated_de.pdf\">Christoph Then (Testbiotech): Am I regulated? Neue Gentechnik an Pflanzen: Probleme mangelnder Regulierung am Beispiel der USA. M\u00fcnchen 2019.<\/a><\/li>\n<li><a href=\"https:\/\/www.stiftung-gekko.de\/wp\/wp-content\/uploads\/2020\/08\/Hintergrund-Patente-Genome-Editing.pdf\">Christoph Then &amp; Ruth Tippe: Neue Gentechnikverfahren. Zunehmende Monopolisierung von Landwirtschaft und Z\u00fcchtung. M\u00fcnchen 2018.<\/a><\/li>\n<li><a href=\"https:\/\/www.stiftung-gekko.de\/wp\/wp-content\/uploads\/2020\/08\/Fragen_und_Antworten_zu_Gene-Drive-Mu\u0308cken.pdf\">Testbiotech: Neue Gentechnik \u2013 Gene-Drive-M\u00fccken. M\u00fcnchen 2018.<\/a><\/li>\n<li><a href=\"https:\/\/www.stiftung-gekko.de\/wp\/wp-content\/uploads\/2020\/08\/Russisches_Roulette_mit_Biodiversitaet.pdf\">Christoph Then &amp; Andreas Bauer-Panskus: Russisches Roulett mit der biologischen Vielfalt. Unkontrollierter Einsatz von Gene-Editing gef\u00e4hrdet die biologische Vielfalt, die Rechte von Verbrauchern und Landwirten und die Zukunft der Tier- und Pflanzenzucht. M\u00fcnchen 2017.<\/a><\/li>\n<\/ul>\n<h4>Unabh\u00e4ngige Risikoforschung<\/h4>\n<ul>\n<li><a href=\"https:\/\/www.stiftung-gekko.de\/wp\/wp-content\/uploads\/2015\/12\/Moldenhauer-Glyphosat_2015.pdf\">Heike Moldenhauer (BUND): Glyphosat \u2013 unser t\u00e4gliches Gift.<\/a> Quelle: <a href=\"http:\/\/www.blaetter.de\">Bl\u00e4tter f\u00fcr deutsche und internationale Politik, Dezember 2015<\/a><\/li>\n<li><a href=\"https:\/\/www.stiftung-gekko.de\/wp\/wp-content\/uploads\/2015\/02\/Langer_Arm_der_Industrie.pdf\">Testbiotech: Der lange Arm der Industrie \u2013 Einflussnahme auf Forschung und Beh\u00f6rden in Deutschland im Bereich Gentechnik und Lebensmittelsicherheit, 2015<\/a><\/li>\n<li><a href=\"https:\/\/www.stiftung-gekko.de\/wp\/wp-content\/uploads\/2015\/01\/Testbiotech-GRACE.pdf\">Testbiotech: GRACE \u2013 Ausverkauf der EU-Risikoforschung an die Gentechnik-Industrie, 2015<\/a><\/li>\n<li><a href=\"https:\/\/www.stiftung-gekko.de\/wp\/wp-content\/uploads\/2015\/01\/Testbiotech_Golden-Rice.pdf\">Testbiotech: Golden-Rice \u2013 PR-Kampagne ohne Glaubw\u00fcrdigkeit, 2014<\/a><\/li>\n<li><a href=\"https:\/\/www.stiftung-gekko.de\/wp\/wp-content\/uploads\/2012\/01\/Report-Golden-Lies_gen-reis_2012.pdf\" target=\"_blank\" rel=\"noopener noreferrer\">foodwatch: &#8222;GOLDEN LIES&#8220;, das fragw\u00fcrdige &#8222;Golden-Rice-Projekt der Saatgutindustrie, Report 2012<\/a><\/li>\n<li><a title=\"Hintergrundpapier\" href=\"https:\/\/www.stiftung-gekko.de\/wp\/wp-content\/uploads\/2011\/10\/Studie_Risiken_mit_amtlichem_Siegel_110926.pdf\" target=\"_blank\" rel=\"noopener noreferrer\">Bund \u00d6kologische Lebensmittelwirtschaft: Risiken mit amtlichem Siegel &#8211; M\u00e4ngel bei der Zulassung gentechnisch<br \/>\nver\u00e4nderter Pflanzen, September 2011<\/a><\/li>\n<li><a title=\"Vorsicht Giftmischer!\" href=\"https:\/\/www.stiftung-gekko.de\/wp\/wp-content\/uploads\/2011\/09\/Testbiotech_Giftmischer.pdf\" target=\"_blank\" rel=\"noopener noreferrer\">Testbiotech: Vorsicht \u201eGiftmischer\u201c &#8211; Gentechnisch ver\u00e4nderte Pflanzen in Futter- und Lebensmitteln, April 2011<\/a><\/li>\n<li><a title=\"Testbiotech\" href=\"https:\/\/www.stiftung-gekko.de\/wp\/wp-content\/uploads\/2011\/01\/testbiotech_gen-pappeln.pdf\" target=\"_blank\" rel=\"noopener noreferrer\">Testbiotech: Gentechnisch ver\u00e4nderte Pappeln &#8211; eine \u00f6kologische Zeitbombe? Dezember 2010<\/a><\/li>\n<li><a href=\"https:\/\/www.stiftung-gekko.de\/wp\/wp-content\/uploads\/2011\/01\/Testbiotech-EFSA-opinion-draft-guidance-and-risk-assesment-Kopie.pdf\" target=\"_self\" rel=\"noopener noreferrer\">Testbiotech: Teil 2: Synthetische Biologie und k\u00fcnstliches Leben: Agrokraftstoffe der zweiten Generation, September 2010<\/a><\/li>\n<li><a href=\"https:\/\/www.stiftung-gekko.de\/wp\/wp-content\/uploads\/2011\/01\/Testbiotech-EFSA-opinion-draft-guidance-and-risk-assesment-Kopie.pdf\" target=\"_self\" rel=\"noopener noreferrer\">Testbiotech: Opinion on EFSA\u00b4s draft guidance on the environmental risk assesment of genetically modified plants, Juli 2010<\/a><\/li>\n<li><a title=\"Synthetische Biologie und k\u00fcnstliches Leben\" href=\"https:\/\/www.stiftung-gekko.de\/wp\/wp-content\/uploads\/2011\/01\/Testbiotech-Teil-1-Synthetische-Biologie-Kopie.pdf\" target=\"_self\" rel=\"noopener noreferrer\">Testbiotech: Teil 1: Synthetische Biologie und k\u00fcnstliches Leben, Juni 2010<\/a><\/li>\n<li><a href=\"http:\/\/stiftung-gekko.de\/wp\/leseraum\/Testbiotech_Stellungnahme_1507Mais.pdf\">Testbiotech: Stellungnahme zum Antrag auf Marktzulassung von gentechnisch ver\u00e4ndertem Mais 1507, Mai 2010<\/a><\/li>\n<li><a href=\"https:\/\/www.stiftung-gekko.de\/wp\/leseraum\/Testbiotech_Klonreport.pdf\" target=\"_self\" rel=\"noopener noreferrer\">Testbiotech: Cloned farm animals \u2013 a \u201ekilling application\u201c?, Mai 2010<\/a><\/li>\n<li><a href=\"https:\/\/www.stiftung-gekko.de\/wp\/leseraum\/Testbiotech_Gentech_vera\u0308nderter_Mais_foerdert_Schaedlinge.pdf\" target=\"_self\" rel=\"noopener noreferrer\">Testbiotech: Gentechnisch ver\u00e4nderter Mais f\u00f6rdert Ausbreitung von Sch\u00e4dlingen, M\u00e4rz 2010<\/a><\/li>\n<li><a href=\"http:\/\/stiftung-gekko.de\/wp\/leseraum\/Testbiotech_risk-reloaded-EFSA_Risikobewertung.pdf\">Testbiotech:Risk-reloaded \u2013 Bericht zum Umgang mit den Risiken gentechnisch ver\u00e4nderter Pflanzen in der EU, September 2009<\/a><\/li>\n<\/ul>\n<h4><strong>Bildung\/Vernetzung<\/strong><\/h4>\n<ul>\n<li><a href=\"https:\/\/www.stiftung-gekko.de\/wp\/wp-content\/uploads\/2017\/01\/konzernatlas-2017.pdf\">Heinrich-B\u00f6ll-Stiftung et al: Konzernatlas. Daten und Fakten zur Agrar- und Lebensmittelwirtschaft, Berlin 2017<\/a><\/li>\n<li><a href=\"http:\/\/www.weltagrarbericht.de\/fileadmin\/files\/weltagrarbericht\/Neuauflage\/WegeausderHungerkrise_klein.pdf\">IAASTD-Weltagrarbericht: Wege aus der Hungerkrise, erweiterte Neuauflage Dezember 2013, Brosch\u00fcre <\/a><\/li>\n<li><a title=\"Futtermittel Blues\" href=\"https:\/\/www.stiftung-gekko.de\/wp\/wp-content\/uploads\/2011\/09\/Futtermittelblues_Heft.pdf\" target=\"_blank\" rel=\"noopener noreferrer\">Agrar Koordination: Der Futtermittel Blues &#8211; EU Agrarpolitik muss weg vom Fl\u00e4chenimport f\u00fcr Futter und Energie!<\/a><\/li>\n<li>Video &#8222;Das Gift der Pampa&#8220;, 2010 (Deutsche Untertitel)<a title=\"Teil 1\" href=\"http:\/\/www.youtube.com\/watch?v=IlJXjs9PyJc&amp;feature=youtu.be\" target=\"_blank\" rel=\"noopener noreferrer\"> Teil 1<\/a> und<a title=\"Teil 2\" href=\"http:\/\/www.youtube.com\/watch?v=isBqWF3bOi4&amp;feature=youtu.be\" target=\"_blank\" rel=\"noopener noreferrer\"> Teil 2<\/a><\/li>\n<li><a href=\"https:\/\/www.stiftung-gekko.de\/wp\/leseraum\/Amflora-gentechnisch_veraend_Kartoffel _BASF.pdf\" target=\"_self\" rel=\"noopener noreferrer\">AbL: \u201eAmflora\u201c \u2013 die gentechnisch ver\u00e4nderte St\u00e4rkekartoffel der BASF, April 2010<\/a><\/li>\n<\/ul>\n<h4><strong><strong>Politische Kampagne<\/strong><\/strong><\/h4>\n<ul>\n<li><a href=\"https:\/\/www.stiftung-gekko.de\/wp\/wp-content\/uploads\/2017\/10\/AbL-HiGru_Bayer_Monsanto_final_25.09.2017.pdf\">AbL: Hintergrundpapier: Bayer &#8211; Monsanto: Bleibt uns vom Acker. Warum B\u00e4uerinnen und Bauern die geplante Fusion ablehnen, 2017<\/a><\/li>\n<li><a href=\"https:\/\/www.stiftung-gekko.de\/wp\/wp-content\/uploads\/2015\/01\/AbL-Analyse-Kompromisstext-opt_out_Jan-2015.pdf\">AbL: Analyse: Rechtssichere Anbauverbote oder schwacher Kompromiss, 2015<\/a><\/li>\n<li><a href=\"https:\/\/www.stiftung-gekko.de\/wp\/wp-content\/uploads\/2015\/08\/BUND_massentierhaltung_leitfaden-2015.pdf\">Bund f\u00fcr Umwelt und Naturschutz Deutschland (BUND): Leitfaden gegen Massentierhaltung, 2015<\/a><\/li>\n<li><a title=\"Kaperbrief Nr. 11\" href=\"https:\/\/www.stiftung-gekko.de\/wp\/wp-content\/uploads\/2011\/09\/Kaperbrief_11_web.pdf\" target=\"_blank\" rel=\"noopener noreferrer\">BUKO Kampagne: Kaperbrief &#8211; Zeitung gegen Biopiraterie Nr. 11, April 2011<\/a><strong><strong><br \/>\n<\/strong><\/strong><\/li>\n<li><a href=\"https:\/\/www.stiftung-gekko.de\/wp\/leseraum\/Risiken und Nebenwirkungen_AbL_gatersleben-Broschuere.pdf\" target=\"_self\" rel=\"noopener noreferrer\">AbL: Brosch\u00fcre: Die Genbank Gatersleben und die Freisetzung von gentechnisch ver\u00e4ndertem Weizen, M\u00e4rz 2010 <\/a><\/li>\n<li><a href=\"https:\/\/www.stiftung-gekko.de\/wp\/leseraum\/Grazer_Erklaerung.pdf\" target=\"_self\" rel=\"noopener noreferrer\">Grazer Erkl\u00e4rung: Freiheit f\u00fcr Vielfalt, M\u00e4rz 2010<\/a><\/li>\n<\/ul>\n<h2>Allgemeine Informationen zur Gentechnik<\/h2>\n<ul>\n<li><a href=\"https:\/\/www.stiftung-gekko.de\/wp\/wp-content\/uploads\/2020\/08\/Gentechnik_Artenschutz_2020.pdf\">Christoph Then (Testbiotech): Gentechnik gef\u00e4hrdet den Artenschutz. Warum die Ausbreitung gentechnisch ver\u00e4nderter Organismen in den nat\u00fcrlichen Populationen verhindert werden muss. M\u00fcnchen 2019\/20.<\/a><\/li>\n<li><a href=\"https:\/\/www.stiftung-gekko.de\/wp\/wp-content\/uploads\/2020\/08\/Gentechnik_gefaehrdet_unsere_Lebensgrundlagen.pdf\">Testbiotech: Gentechnik gef\u00e4hrdet unsere Lebensgrundlagen. Eine Streitschrift zu zehn Jahren Testbiotech. M\u00fcnchen 2019.<\/a><\/li>\n<li><a href=\"https:\/\/www.stiftung-gekko.de\/wp\/wp-content\/uploads\/2020\/08\/TBT_Broschu\u0308re_Was_ist_keine_Gentechnik_0.pdf\">Testbiotech: Was ist (keine) Gentechnik? Oft wird behauptet, neue Gentechnikverfahren wie CRISPR w\u00fcrden nichts anderes machen als das, was in der Natur ohnehin st\u00e4ndig passiert. Stimmt das? M\u00fcnchen 2019.<\/a><\/li>\n<li><a href=\"https:\/\/www.stiftung-gekko.de\/wp\/wp-content\/uploads\/2016\/01\/25jahre_gv-Petunien.pdf\">Gen-ethisches Netzwerk: 25 Jahre Widerstand. Freisetzungen gentechnisch ver\u00e4nderter Pflanzen verhindern! Mai 2015<\/a><\/li>\n<li><a href=\"https:\/\/www.stiftung-gekko.de\/wp\/wp-content\/uploads\/2015\/01\/Testbiotech_TTIP-Studie.pdf\">Testbiotech: Freihandel \u2013 Einfallstor f\u00fcr die Agro-Gentechnik. Auswirkungen von CETA und TTIP auf die EU-Regelungen im Bereich der Landwirtschaft \u2013 eine kritische Begutachtung, 2015<\/a><\/li>\n<li><a href=\"https:\/\/www.stiftung-gekko.de\/wp\/wp-content\/uploads\/2015\/01\/Testbiotech_Ausbreitung.pdf\">Testbiotech: Transgene Escape \u2013 Atlas der unkontrollierten Vernreitung gentechnisch ver\u00e4nderter Pflanzen, 2013<\/a><\/li>\n<li><a href=\"https:\/\/www.stiftung-gekko.de\/wp\/wp-content\/uploads\/2015\/01\/Testbiotech-_Glyphosat.pdf\">Testbiotech: Wie gef\u00e4hrlich ist Glyphosat?, 2013<\/a><\/li>\n<li><a title=\"Expos\u00e9 zur Notwendigkeit \u00f6kologischer Saatgutz\u00fcchtung\" href=\"https:\/\/www.stiftung-gekko.de\/wp\/wp-content\/uploads\/2011\/01\/Notwendigkeit-Saatgutzuechtung-ZSL.pdf\" target=\"_self\" rel=\"noopener noreferrer\">Zukunftsstiftung Landwirtschaft: Expos\u00e9 zur Notwendigkeit \u00f6kologischer Saatgutz\u00fcchtung<\/a><\/li>\n<li><a href=\"https:\/\/www.stiftung-gekko.de\/wp\/wp-content\/uploads\/2012\/04\/Full_Report_GMOvs-Citizen.pdf\" target=\"_blank\" rel=\"noopener noreferrer\">CECCAM: The GMO emperor has no clothes. A global citizen\u00b4s report on the state on GMOs <\/a><\/li>\n<li><a title=\"GV-SOYA\" href=\"https:\/\/www.stiftung-gekko.de\/wp\/wp-content\/uploads\/2011\/01\/GV-SOYA-nachhaltig\uf025.pdf\" target=\"_blank\" rel=\"noopener noreferrer\">GV-SOYA: Nachhaltig? Verantwortungsbewu\u00dft?, 2010<\/a><\/li>\n<li><a title=\"L\u00e4nderbericht Rum\u00e4nien 2010\" href=\"https:\/\/www.stiftung-gekko.de\/wp\/wp-content\/uploads\/2011\/07\/652-Romania-Country-Report.pdf\" target=\"_blank\" rel=\"noopener noreferrer\">Agent Green Association: L\u00e4nderbericht Rum\u00e4nien, 2010<\/a><\/li>\n<li><a href=\"https:\/\/www.stiftung-gekko.de\/wp\/?attachment_id=2556\" rel=\"attachment wp-att-2556\">Eva Gelinsky (IG Saatgut): Biopatente und Agrarmodernisierung. Patente auf Pflanzen und ihre m\u00f6glichen Auswirkungen auf die gentechnikfreie Saatgutarbeit von Erhaltungs- und \u00f6kologischen Z\u00fcchtungsorganisationen, Mai 2012<\/a><\/li>\n<li><a href=\"https:\/\/www.stiftung-gekko.de\/wp\/leseraum\/Gute_Gruende_gegen_Gentechnik.pdf\" target=\"_self\" rel=\"noopener noreferrer\">Informationsdienst Gentechnik: Flyer \u201eGute Gr\u00fcnde gegen Gentechnik\u201c, ab 2008<\/a><\/li>\n<\/ul>\n<p>Aus den Sch\u00fclerseiten des Informationsdienstes Gentechnik:<br \/>\n\u201eGrundwissen zur Gentechnik in der Landwirtschaft\u201c<\/p>\n<ul>\n<li><a href=\"https:\/\/www.stiftung-gekko.de\/wp\/leseraum\/Gentechnik-Pflanzen.pdf\" target=\"_self\" rel=\"noopener noreferrer\">Gentechnik-Pflanzen<\/a><\/li>\n<li><a href=\"https:\/\/www.stiftung-gekko.de\/wp\/leseraum\/Gentechnik-Lebensmittel.pdf\" target=\"_self\" rel=\"noopener noreferrer\">Gentechnik &#8211; Lebensmittel<\/a><\/li>\n<li><a href=\"https:\/\/www.stiftung-gekko.de\/wp\/leseraum\/Was_ist_Agro-Gentechnik.pdf\" target=\"_self\" rel=\"noopener noreferrer\">Was ist Agro-Gentechnik<\/a><strong><br \/>\n<\/strong><\/li>\n<li><a href=\"https:\/\/www.stiftung-gekko.de\/wp\/leseraum\/Gesetzeslage.pdf\" target=\"_self\" rel=\"noopener noreferrer\">Gesetzeslage<\/a><\/li>\n<li><a href=\"https:\/\/www.stiftung-gekko.de\/wp\/leseraum\/Was_geschah_wann.pdf\" target=\"_self\" rel=\"noopener noreferrer\">Was geschah wann?<\/a><strong><br \/>\n<\/strong><\/li>\n<li><a href=\"https:\/\/www.stiftung-gekko.de\/wp\/leseraum\/Gentechnik-ABC.pdf\" target=\"_self\" rel=\"noopener noreferrer\">Gentechnik &#8211; ABC<\/a><\/li>\n<li><a href=\"https:\/\/www.stiftung-gekko.de\/wp\/leseraum\/Pro_und_Contra-Argumente.pdf\" target=\"_self\" rel=\"noopener noreferrer\">Pro &amp; Contra &#8211; Argumente<\/a><\/li>\n<li><a href=\"http:\/\/www.keine-gentechnik.de\/kontakte-und-adressen\/pressekontakte.html\" target=\"_blank\" rel=\"noopener noreferrer\">Linkliste<\/a><\/li>\n<\/ul>\n<p>Weitere aktuelle Informationen zur Agro-Gentechnik, die allgemein verst\u00e4ndlich sind und f\u00fcr den Unterricht in Schulen eignen, finden sich auf der Website des Informationsdiensets Gentechnik (<a href=\"http:\/\/www.schule-und-gentechnik.de\">www.schule-und-gentechnik.de<\/a>)<\/p>\n<p>Aus dem <a href=\"http:\/\/www.kritischer-agrarbericht.de\" target=\"_self\" rel=\"noopener noreferrer\">Kritischen Agrarbericht<\/a>, j\u00e4hrlich herausgegeben vom AgrarB\u00fcndnis e.V.: Jahresr\u00fcckblicke aus dem Kapitel \u201eGentechnik\u201c:<\/p>\n<p><a href=\"https:\/\/www.stiftung-gekko.de\/wp\/wp-content\/uploads\/2021\/11\/KAB_2021_285_299_Volling.pdf\">R\u00fcckblick 2020<\/a><br \/>\n<a href=\"https:\/\/www.stiftung-gekko.de\/wp\/wp-content\/uploads\/2020\/08\/KAB2020_293_304_Volling.pdf\">R\u00fcckblick 2019<\/a><br \/>\n<a href=\"https:\/\/www.stiftung-gekko.de\/wp\/wp-content\/uploads\/2020\/08\/KAB2019_279_289_Volling_Nuernberger.pdf\">R\u00fcckblick 2018<\/a><br \/>\n<a href=\"https:\/\/www.stiftung-gekko.de\/wp\/wp-content\/uploads\/2020\/08\/KAB_2018_271_285_Volling_Nuernb.pdf\">R\u00fcckblick 2017<\/a><br \/>\n<a href=\"https:\/\/www.stiftung-gekko.de\/wp\/wp-content\/uploads\/2017\/11\/KAB_2017_257_267_Volling_Nuernberger.pdf\">R\u00fcckblick 2016<\/a><a href=\"https:\/\/www.stiftung-gekko.de\/wp\/wp-content\/uploads\/2016\/04\/KAB2016_Kap9_261_270_Volling_Nuernberger.pdf\"><br \/>\nR\u00fcckblick 2015<\/a><a href=\"https:\/\/www.stiftung-gekko.de\/wp\/wp-content\/uploads\/2010\/09\/KAB2015_237_246_Nuernberger_Volling.pdf\"><br \/>\nR\u00fcckblick 2014<\/a><a href=\"https:\/\/www.stiftung-gekko.de\/wp\/wp-content\/uploads\/2010\/09\/KAB2014_245_256_Volling_Nuernberger.pdf\"><br \/>\nR\u00fcckblick 2013<\/a><br \/>\n<a href=\"https:\/\/www.stiftung-gekko.de\/wp\/?attachment_id=2559\" rel=\"attachment wp-att-2559\">R\u00fcckblick 2012<\/a><br \/>\n<a href=\"https:\/\/www.stiftung-gekko.de\/wp\/?attachment_id=2557\" rel=\"attachment wp-att-2557\">R\u00fcckblick 2011<\/a><br \/>\n<a href=\"https:\/\/www.stiftung-gekko.de\/wp\/wp-content\/uploads\/2011\/09\/Kritischer-Agrarbericht-Rueckblick-2010.pdf\" target=\"_blank\" rel=\"noopener noreferrer\">R\u00fcckblick 2010<\/a><br \/>\n<a title=\"R\u00fcckblick 2009\" href=\"https:\/\/www.stiftung-gekko.de\/wp\/wp-content\/uploads\/2011\/11\/09_Rueckblick.pdf\" target=\"_blank\" rel=\"noopener noreferrer\">R\u00fcckblick 2009<\/a><a href=\"https:\/\/www.stiftung-gekko.de\/wp\/leseraum\/Rueckblick_2008.pdf\"><br \/>\nR\u00fcckblick 2008<\/a><\/p>\n","protected":false},"excerpt":{"rendered":"<p>Im Leseraum finden Sie Berichte, Studien, Positions- und Hintergrundpapiere sowie Flyer, die in der Regel von den gef\u00f6rderten Projekten erstellt wurden. Er bietet die M\u00f6glichkeit, sich mit einzelnen Aspekten und Themen der Projektarbeit tiefer zu besch\u00e4ftigen. Aus der Projektarbeit Neue Gentechnik (Gene-Editing) Mareike Imken &amp; Benny Haerlin: Gene Drives. Die neue Gentechnik zum Umbau der [&hellip;]<\/p>\n","protected":false},"author":1,"featured_media":0,"parent":0,"menu_order":9,"comment_status":"closed","ping_status":"closed","template":"","meta":{"footnotes":""},"_links":{"self":[{"href":"https:\/\/www.stiftung-gekko.de\/wp\/wp-json\/wp\/v2\/pages\/46"}],"collection":[{"href":"https:\/\/www.stiftung-gekko.de\/wp\/wp-json\/wp\/v2\/pages"}],"about":[{"href":"https:\/\/www.stiftung-gekko.de\/wp\/wp-json\/wp\/v2\/types\/page"}],"author":[{"embeddable":true,"href":"https:\/\/www.stiftung-gekko.de\/wp\/wp-json\/wp\/v2\/users\/1"}],"replies":[{"embeddable":true,"href":"https:\/\/www.stiftung-gekko.de\/wp\/wp-json\/wp\/v2\/comments?post=46"}],"version-history":[{"count":135,"href":"https:\/\/www.stiftung-gekko.de\/wp\/wp-json\/wp\/v2\/pages\/46\/revisions"}],"predecessor-version":[{"id":4407,"href":"https:\/\/www.stiftung-gekko.de\/wp\/wp-json\/wp\/v2\/pages\/46\/revisions\/4407"}],"wp:attachment":[{"href":"https:\/\/www.stiftung-gekko.de\/wp\/wp-json\/wp\/v2\/media?parent=46"}],"curies":[{"name":"wp","href":"https:\/\/api.w.org\/{rel}","templated":true}]}}